{"id":3,"date":"2023-07-05T19:21:51","date_gmt":"2023-07-05T17:21:51","guid":{"rendered":"http:\/\/welltranslated-services.com\/?page_id=3"},"modified":"2024-01-05T10:44:34","modified_gmt":"2024-01-05T09:44:34","slug":"politique-de-confidentialite","status":"publish","type":"page","link":"https:\/\/welltranslated-services.com\/en\/politique-de-confidentialite\/","title":{"rendered":"Privacy policy"},"content":{"rendered":"<div data-elementor-type=\"wp-page\" data-elementor-id=\"3\" class=\"elementor elementor-3\" data-elementor-post-type=\"page\">\n\t\t\t\t\t\t\t<div class=\"elementor-element elementor-element-375bc048 e-flex e-con-boxed e-con e-parent\" data-id=\"375bc048\" data-element_type=\"container\" data-settings=\"{&quot;content_width&quot;:&quot;boxed&quot;}\" data-core-v316-plus=\"true\">\n\t\t\t\t\t<div class=\"e-con-inner\">\n\t\t\t\t<div class=\"elementor-element elementor-element-41d86c2 elementor-widget elementor-widget-heading\" data-id=\"41d86c2\" data-element_type=\"widget\" data-widget_type=\"heading.default\">\n\t\t\t\t<div class=\"elementor-widget-container\">\n\t\t\t<style>\/*! elementor - v3.16.0 - 20-09-2023 *\/\n.elementor-heading-title{padding:0;margin:0;line-height:1}.elementor-widget-heading .elementor-heading-title[class*=elementor-size-]>a{color:inherit;font-size:inherit;line-height:inherit}.elementor-widget-heading .elementor-heading-title.elementor-size-small{font-size:15px}.elementor-widget-heading .elementor-heading-title.elementor-size-medium{font-size:19px}.elementor-widget-heading .elementor-heading-title.elementor-size-large{font-size:29px}.elementor-widget-heading .elementor-heading-title.elementor-size-xl{font-size:39px}.elementor-widget-heading .elementor-heading-title.elementor-size-xxl{font-size:59px}<\/style><h1 class=\"elementor-heading-title elementor-size-default\">Privacy policy<\/h1>\t\t<\/div>\n\t\t\t\t<\/div>\n\t\t\t\t<div class=\"elementor-element elementor-element-34fb6da7 elementor-widget elementor-widget-text-editor\" data-id=\"34fb6da7\" data-element_type=\"widget\" data-widget_type=\"text-editor.default\">\n\t\t\t\t<div class=\"elementor-widget-container\">\n\t\t\t<style>\/*! elementor - v3.16.0 - 20-09-2023 *\/\n.elementor-widget-text-editor.elementor-drop-cap-view-stacked .elementor-drop-cap{background-color:#69727d;color:#fff}.elementor-widget-text-editor.elementor-drop-cap-view-framed .elementor-drop-cap{color:#69727d;border:3px solid;background-color:transparent}.elementor-widget-text-editor:not(.elementor-drop-cap-view-default) .elementor-drop-cap{margin-top:8px}.elementor-widget-text-editor:not(.elementor-drop-cap-view-default) .elementor-drop-cap-letter{width:1em;height:1em}.elementor-widget-text-editor .elementor-drop-cap{float:left;text-align:center;line-height:1;font-size:50px}.elementor-widget-text-editor .elementor-drop-cap-letter{display:inline-block}<\/style>\t\t\t\t<p><!-- wp:heading --><\/p>\n<p>Thank you for your interest in WellTranslated.&nbsp;<\/p>\n<p>Protecting your personal information is a priority for me. This privacy policy explains how I collect, use, disclose and protect your information, as well as the use of cookies.<\/p><p><br><\/p>\n<h2><strong>Collection of Personal Data<\/strong><\/h2>\n<p>I collect personal information such as your name, e-mail address, telephone number and any other information you choose to provide when requesting translation services.<\/p><p><br><\/p>\n<h2><strong>Use of Information<\/strong><\/h2>\n<p>The information I collect is used to provide personalised translation services. I may also use your information to contact you regarding service updates, promotions or relevant information.<\/p><p><br><\/p>\n<h2><strong>Data Protection<\/strong><\/h2>\n<p>Security measures are implemented to protect your personal information against unauthorised access, disclosure, alteration or destruction. Access to your information is strictly limited to third parties who need to know it in order to provide you with my services.<\/p><p><br><\/p>\n<h2><strong>Cookies<\/strong><\/h2>\n<p>This website uses cookies to improve your experience. Cookies are small text files placed on your device to collect standard Internet log information and behavioural information. You can choose to accept or decline these cookies when you first visit the site. By continuing to use the site without changing these settings, you consent to the use of cookies.<\/p><p><br><\/p>\n<h2><strong>Data Sharing<\/strong><\/h2>\n<p>Your personal information will not be sold, traded or rented to any third party. I may share your information with trusted partners who assist me in operating my website or providing services, subject to their undertaking to maintain the confidentiality of that information.<\/p>\n<h2><strong>Data Storage<\/strong><\/h2><div><strong><br><\/strong><\/div>\n<p>Your personal information will be retained for as long as necessary to provide you with my services or as required by law.<\/p><p><br><\/p>\n<h2><strong>Your Options<\/strong><\/h2>\n<p>You may choose not to provide certain information, but this may affect your ability to use certain services. You have the right to request access to, correction or deletion of your personal information at any time.<\/p><p><br><\/p>\n<h2><strong>Amendments to the Privacy Policy<\/strong><\/h2>\n<p>I reserve the right to update this privacy policy at any time. The date of the last update will be indicated at the top of the page.<\/p>\n<p>By using my website, you consent to this Privacy Policy.<\/p>\n<p>If you have any questions about this Privacy Policy, please contact me at aurianedw@well-translated.com.<\/p><p><br><\/p><p><br><\/p>\n<p><\/p>\n<p>Last update: 5 January 2023<\/p>\n<p><!-- \/wp:paragraph --><\/p>\t\t\t\t\t\t<\/div>\n\t\t\t\t<\/div>\n\t\t\t\t\t<\/div>\n\t\t\t\t<\/div>\n\t\t\t\t\t\t\t<\/div>","protected":false},"excerpt":{"rendered":"<p>Politique de confidentialit\u00e9 Merci pour votre int\u00e9r\u00eat pour WellTranslated.&nbsp; La protection de vos informations personnelles est une priorit\u00e9 pour moi. Cette politique de confidentialit\u00e9 explique comment je collecte, utilise, divulgue et prot\u00e8ge vos informations, ainsi que l&rsquo;utilisation des cookies. Collecte d&rsquo;Informations Personnelles Je collecte des informations personnelles telles que votre nom, votre adresse e-mail, votre [&hellip;]<\/p>","protected":false},"author":1,"featured_media":0,"parent":0,"menu_order":0,"comment_status":"closed","ping_status":"open","template":"","meta":{"om_disable_all_campaigns":false,"_monsterinsights_skip_tracking":false,"_monsterinsights_sitenote_active":false,"_monsterinsights_sitenote_note":"","_monsterinsights_sitenote_category":0},"acf":[],"aioseo_notices":[],"_links":{"self":[{"href":"https:\/\/welltranslated-services.com\/en\/wp-json\/wp\/v2\/pages\/3"}],"collection":[{"href":"https:\/\/welltranslated-services.com\/en\/wp-json\/wp\/v2\/pages"}],"about":[{"href":"https:\/\/welltranslated-services.com\/en\/wp-json\/wp\/v2\/types\/page"}],"author":[{"embeddable":true,"href":"https:\/\/welltranslated-services.com\/en\/wp-json\/wp\/v2\/users\/1"}],"replies":[{"embeddable":true,"href":"https:\/\/welltranslated-services.com\/en\/wp-json\/wp\/v2\/comments?post=3"}],"version-history":[{"count":10,"href":"https:\/\/welltranslated-services.com\/en\/wp-json\/wp\/v2\/pages\/3\/revisions"}],"predecessor-version":[{"id":1324,"href":"https:\/\/welltranslated-services.com\/en\/wp-json\/wp\/v2\/pages\/3\/revisions\/1324"}],"wp:attachment":[{"href":"https:\/\/welltranslated-services.com\/en\/wp-json\/wp\/v2\/media?parent=3"}],"curies":[{"name":"wp","href":"https:\/\/api.w.org\/{rel}","templated":true}]}}