{"id":3,"date":"2023-07-05T19:21:51","date_gmt":"2023-07-05T17:21:51","guid":{"rendered":"http:\/\/welltranslated-services.com\/?page_id=3"},"modified":"2024-01-05T10:44:34","modified_gmt":"2024-01-05T09:44:34","slug":"politique-de-confidentialite","status":"publish","type":"page","link":"https:\/\/welltranslated-services.com\/es\/politique-de-confidentialite\/","title":{"rendered":"Pol\u00edtica de privacidad"},"content":{"rendered":"<div data-elementor-type=\"wp-page\" data-elementor-id=\"3\" class=\"elementor elementor-3\" data-elementor-post-type=\"page\">\n\t\t\t\t\t\t\t<div class=\"elementor-element elementor-element-375bc048 e-flex e-con-boxed e-con e-parent\" data-id=\"375bc048\" data-element_type=\"container\" data-settings=\"{&quot;content_width&quot;:&quot;boxed&quot;}\" data-core-v316-plus=\"true\">\n\t\t\t\t\t<div class=\"e-con-inner\">\n\t\t\t\t<div class=\"elementor-element elementor-element-41d86c2 elementor-widget elementor-widget-heading\" data-id=\"41d86c2\" data-element_type=\"widget\" data-widget_type=\"heading.default\">\n\t\t\t\t<div class=\"elementor-widget-container\">\n\t\t\t<style>\/*! elementor - v3.16.0 - 20-09-2023 *\/\n.elementor-heading-title{padding:0;margin:0;line-height:1}.elementor-widget-heading .elementor-heading-title[class*=elementor-size-]>a{color:inherit;font-size:inherit;line-height:inherit}.elementor-widget-heading .elementor-heading-title.elementor-size-small{font-size:15px}.elementor-widget-heading .elementor-heading-title.elementor-size-medium{font-size:19px}.elementor-widget-heading .elementor-heading-title.elementor-size-large{font-size:29px}.elementor-widget-heading .elementor-heading-title.elementor-size-xl{font-size:39px}.elementor-widget-heading .elementor-heading-title.elementor-size-xxl{font-size:59px}<\/style><h1 class=\"elementor-heading-title elementor-size-default\">Pol\u00edtica de privacidad<\/h1>\t\t<\/div>\n\t\t\t\t<\/div>\n\t\t\t\t<div class=\"elementor-element elementor-element-34fb6da7 elementor-widget elementor-widget-text-editor\" data-id=\"34fb6da7\" data-element_type=\"widget\" data-widget_type=\"text-editor.default\">\n\t\t\t\t<div class=\"elementor-widget-container\">\n\t\t\t<style>\/*! elementor - v3.16.0 - 20-09-2023 *\/\n.elementor-widget-text-editor.elementor-drop-cap-view-stacked .elementor-drop-cap{background-color:#69727d;color:#fff}.elementor-widget-text-editor.elementor-drop-cap-view-framed .elementor-drop-cap{color:#69727d;border:3px solid;background-color:transparent}.elementor-widget-text-editor:not(.elementor-drop-cap-view-default) .elementor-drop-cap{margin-top:8px}.elementor-widget-text-editor:not(.elementor-drop-cap-view-default) .elementor-drop-cap-letter{width:1em;height:1em}.elementor-widget-text-editor .elementor-drop-cap{float:left;text-align:center;line-height:1;font-size:50px}.elementor-widget-text-editor .elementor-drop-cap-letter{display:inline-block}<\/style>\t\t\t\t<p><!-- wp:heading --><\/p>\n<p>Gracias por tu inter\u00e9s en WellTranslated.&nbsp;<\/p>\n<p>Proteger su informaci\u00f3n personal es una prioridad para m\u00ed. Esta pol\u00edtica de privacidad explica c\u00f3mo recojo, uso, divulgo y protejo su informaci\u00f3n, as\u00ed como el uso de cookies.<\/p><p><br><\/p>\n<h2><strong>Recogida de datos personales<\/strong><\/h2>\n<p>Recopilo informaci\u00f3n personal como su nombre, direcci\u00f3n de correo electr\u00f3nico, n\u00famero de tel\u00e9fono y cualquier otra informaci\u00f3n que decida proporcionar al solicitar servicios de traducci\u00f3n.<\/p><p><br><\/p>\n<h2><strong>Uso de la Informaci\u00f3n<\/strong><\/h2>\n<p>La informaci\u00f3n que recojo se utiliza para prestar servicios de traducci\u00f3n personalizados. Tambi\u00e9n puedo utilizar sus datos para ponerme en contacto con usted en relaci\u00f3n con actualizaciones de servicios, promociones o informaci\u00f3n relevante.<\/p><p><br><\/p>\n<h2><strong>Protecci\u00f3n de datos<\/strong><\/h2>\n<p>Se aplican medidas de seguridad para proteger su informaci\u00f3n personal contra el acceso, la divulgaci\u00f3n, la alteraci\u00f3n o la destrucci\u00f3n no autorizados. El acceso a su informaci\u00f3n est\u00e1 estrictamente limitado a terceros que necesiten conocerla para prestarle mis servicios.<\/p><p><br><\/p>\n<h2><strong>Cookies<\/strong><\/h2>\n<p>Este sitio web utiliza cookies para mejorar su experiencia. Las cookies son peque\u00f1os archivos de texto que se colocan en su dispositivo para recopilar informaci\u00f3n de registro est\u00e1ndar de Internet e informaci\u00f3n sobre su comportamiento. Puede elegir aceptar o rechazar estas cookies cuando visite el sitio por primera vez. Si contin\u00faa navegando, consideramos que acepta su uso.<\/p><p><br><\/p>\n<h2><strong>Comparto de datos<\/strong><\/h2>\n<p>Su informaci\u00f3n personal no ser\u00e1 vendida, comercializada ni alquilada a terceros. Puedo compartir su informaci\u00f3n con socios de confianza que me ayudan a gestionar mi sitio web o a prestar servicios, siempre que se comprometan a mantener la confidencialidad de dicha informaci\u00f3n.<\/p>\n<h2><strong>Conservaci\u00f3n de datos<\/strong><\/h2><div><strong><br><\/strong><\/div>\n<p>Sus datos personales se conservar\u00e1n durante el tiempo que sea necesario para prestarle mis servicios o seg\u00fan lo exija la ley.<\/p><p><br><\/p>\n<h2><strong>Tus Opciones<\/strong><\/h2>\n<p>Puede optar por no facilitar determinada informaci\u00f3n, pero esto puede afectar a su capacidad para utilizar ciertos servicios. Tiene derecho a solicitar el acceso, la rectificaci\u00f3n o la supresi\u00f3n de sus datos personales en cualquier momento.<\/p><p><br><\/p>\n<h2><strong>Modificaciones de la Pol\u00edtica de privacidad<\/strong><\/h2>\n<p>Me reservo el derecho a actualizar esta pol\u00edtica de privacidad en cualquier momento. La fecha de la \u00faltima actualizaci\u00f3n se indicar\u00e1 en la parte superior de la p\u00e1gina.<\/p>\n<p>Al utilizar mi sitio web, usted acepta esta Pol\u00edtica de privacidad.<\/p>\n<p>Si tiene alguna pregunta sobre esta Pol\u00edtica de privacidad, no dude en ponerse en contacto conmigo en aurianedw@well-translated.com.<\/p><p><br><\/p><p><br><\/p>\n<p><\/p>\n<p>\u00daltima revisi\u00f3n: 5 de enero del 2023<\/p>\n<p><!-- \/wp:paragraph --><\/p>\t\t\t\t\t\t<\/div>\n\t\t\t\t<\/div>\n\t\t\t\t\t<\/div>\n\t\t\t\t<\/div>\n\t\t\t\t\t\t\t<\/div>","protected":false},"excerpt":{"rendered":"<p>Politique de confidentialit\u00e9 Merci pour votre int\u00e9r\u00eat pour WellTranslated.&nbsp; La protection de vos informations personnelles est une priorit\u00e9 pour moi. Cette politique de confidentialit\u00e9 explique comment je collecte, utilise, divulgue et prot\u00e8ge vos informations, ainsi que l&rsquo;utilisation des cookies. Collecte d&rsquo;Informations Personnelles Je collecte des informations personnelles telles que votre nom, votre adresse e-mail, votre [&hellip;]<\/p>","protected":false},"author":1,"featured_media":0,"parent":0,"menu_order":0,"comment_status":"closed","ping_status":"open","template":"","meta":{"om_disable_all_campaigns":false,"_monsterinsights_skip_tracking":false,"_monsterinsights_sitenote_active":false,"_monsterinsights_sitenote_note":"","_monsterinsights_sitenote_category":0},"acf":[],"aioseo_notices":[],"_links":{"self":[{"href":"https:\/\/welltranslated-services.com\/es\/wp-json\/wp\/v2\/pages\/3"}],"collection":[{"href":"https:\/\/welltranslated-services.com\/es\/wp-json\/wp\/v2\/pages"}],"about":[{"href":"https:\/\/welltranslated-services.com\/es\/wp-json\/wp\/v2\/types\/page"}],"author":[{"embeddable":true,"href":"https:\/\/welltranslated-services.com\/es\/wp-json\/wp\/v2\/users\/1"}],"replies":[{"embeddable":true,"href":"https:\/\/welltranslated-services.com\/es\/wp-json\/wp\/v2\/comments?post=3"}],"version-history":[{"count":10,"href":"https:\/\/welltranslated-services.com\/es\/wp-json\/wp\/v2\/pages\/3\/revisions"}],"predecessor-version":[{"id":1324,"href":"https:\/\/welltranslated-services.com\/es\/wp-json\/wp\/v2\/pages\/3\/revisions\/1324"}],"wp:attachment":[{"href":"https:\/\/welltranslated-services.com\/es\/wp-json\/wp\/v2\/media?parent=3"}],"curies":[{"name":"wp","href":"https:\/\/api.w.org\/{rel}","templated":true}]}}