{"id":3,"date":"2023-07-05T19:21:51","date_gmt":"2023-07-05T17:21:51","guid":{"rendered":"http:\/\/welltranslated-services.com\/?page_id=3"},"modified":"2024-01-05T10:44:34","modified_gmt":"2024-01-05T09:44:34","slug":"politique-de-confidentialite","status":"publish","type":"page","link":"https:\/\/welltranslated-services.com\/fr_fr\/politique-de-confidentialite\/","title":{"rendered":"Politique de confidentialit\u00e9"},"content":{"rendered":"\t\t<div data-elementor-type=\"wp-page\" data-elementor-id=\"3\" class=\"elementor elementor-3\" data-elementor-post-type=\"page\">\n\t\t\t\t\t\t\t<div class=\"elementor-element elementor-element-375bc048 e-flex e-con-boxed e-con e-parent\" data-id=\"375bc048\" data-element_type=\"container\" data-settings=\"{&quot;content_width&quot;:&quot;boxed&quot;}\" data-core-v316-plus=\"true\">\n\t\t\t\t\t<div class=\"e-con-inner\">\n\t\t\t\t<div class=\"elementor-element elementor-element-41d86c2 elementor-widget elementor-widget-heading\" data-id=\"41d86c2\" data-element_type=\"widget\" data-widget_type=\"heading.default\">\n\t\t\t\t<div class=\"elementor-widget-container\">\n\t\t\t<style>\/*! elementor - v3.16.0 - 20-09-2023 *\/\n.elementor-heading-title{padding:0;margin:0;line-height:1}.elementor-widget-heading .elementor-heading-title[class*=elementor-size-]>a{color:inherit;font-size:inherit;line-height:inherit}.elementor-widget-heading .elementor-heading-title.elementor-size-small{font-size:15px}.elementor-widget-heading .elementor-heading-title.elementor-size-medium{font-size:19px}.elementor-widget-heading .elementor-heading-title.elementor-size-large{font-size:29px}.elementor-widget-heading .elementor-heading-title.elementor-size-xl{font-size:39px}.elementor-widget-heading .elementor-heading-title.elementor-size-xxl{font-size:59px}<\/style><h1 class=\"elementor-heading-title elementor-size-default\">Politique de confidentialit\u00e9<\/h1>\t\t<\/div>\n\t\t\t\t<\/div>\n\t\t\t\t<div class=\"elementor-element elementor-element-34fb6da7 elementor-widget elementor-widget-text-editor\" data-id=\"34fb6da7\" data-element_type=\"widget\" data-widget_type=\"text-editor.default\">\n\t\t\t\t<div class=\"elementor-widget-container\">\n\t\t\t<style>\/*! elementor - v3.16.0 - 20-09-2023 *\/\n.elementor-widget-text-editor.elementor-drop-cap-view-stacked .elementor-drop-cap{background-color:#69727d;color:#fff}.elementor-widget-text-editor.elementor-drop-cap-view-framed .elementor-drop-cap{color:#69727d;border:3px solid;background-color:transparent}.elementor-widget-text-editor:not(.elementor-drop-cap-view-default) .elementor-drop-cap{margin-top:8px}.elementor-widget-text-editor:not(.elementor-drop-cap-view-default) .elementor-drop-cap-letter{width:1em;height:1em}.elementor-widget-text-editor .elementor-drop-cap{float:left;text-align:center;line-height:1;font-size:50px}.elementor-widget-text-editor .elementor-drop-cap-letter{display:inline-block}<\/style>\t\t\t\t<p><!-- wp:heading --><\/p>\n<p>Merci pour votre int\u00e9r\u00eat pour WellTranslated.&nbsp;<\/p>\n<p>La protection de vos informations personnelles est une priorit\u00e9 pour moi. Cette politique de confidentialit\u00e9 explique comment je collecte, utilise, divulgue et prot\u00e8ge vos informations, ainsi que l&rsquo;utilisation des cookies.<\/p><p><br><\/p>\n<h2><strong>Collecte d&rsquo;Informations Personnelles<\/strong><\/h2>\n<p>Je collecte des informations personnelles telles que votre nom, votre adresse e-mail, votre num\u00e9ro de t\u00e9l\u00e9phone et toute autre information que vous choisissez de me fournir lors de la demande de services de traduction.<\/p><p><br><\/p>\n<h2><strong>Utilisation des Informations<\/strong><\/h2>\n<p>Les informations que je collecte sont utilis\u00e9es dans le but de fournir des services de traduction personnalis\u00e9s. Je peux \u00e9galement utiliser vos informations pour vous contacter concernant des mises \u00e0 jour de services, des promotions ou des informations pertinentes.<\/p><p><br><\/p>\n<h2><strong>Protection des Informations<\/strong><\/h2>\n<p>Des mesures de s\u00e9curit\u00e9 sont mises en \u0153uvre pour prot\u00e9ger vos informations personnelles contre tout acc\u00e8s non autoris\u00e9, divulgation, alt\u00e9ration ou destruction. L&rsquo;acc\u00e8s \u00e0 vos informations est strictement limit\u00e9 aux tiers ayant besoin de les conna\u00eetre pour vous fournir mes services.<\/p><p><br><\/p>\n<h2><strong>Cookies<\/strong><\/h2>\n<p>Ce site web utilise des cookies pour am\u00e9liorer votre exp\u00e9rience. Les cookies sont de petits fichiers texte plac\u00e9s sur votre appareil pour recueillir des informations standard de journal Internet et des informations comportementales. Vous avez le choix d&rsquo;accepter ou de refuser ces cookies lors de votre premi\u00e8re visite sur le site. En continuant \u00e0 utiliser le site sans modifier ces param\u00e8tres, vous consentez \u00e0 l&rsquo;utilisation de cookies.<\/p><p><br><\/p>\n<h2><strong>Partage d&rsquo;informations<\/strong><\/h2>\n<p>Vos informations personnelles ne seront vendues, \u00e9chang\u00e9es ou lou\u00e9es \u00e0 aucun tiers. Je peux partager vos informations avec des partenaires de confiance qui m&rsquo;aident \u00e0 exploiter mon site web ou \u00e0 fournir des services, sous r\u00e9serve de leur engagement de maintenir la confidentialit\u00e9 de ces informations.<\/p>\n<h2><strong>Conservation des donn\u00e9es<\/strong><\/h2><div><strong><br><\/strong><\/div>\n<p>Vos informations personnelles seront conserv\u00e9es aussi longtemps que n\u00e9cessaire pour vous fournir mes services ou comme requis par la loi.<\/p><p><br><\/p>\n<h2><strong>Vos Choix<\/strong><\/h2>\n<p>Vous pouvez choisir de ne pas fournir certaines informations, mais cela pourra affecter votre capacit\u00e9 \u00e0 utiliser certains services. Vous avez le droit de demander l&rsquo;acc\u00e8s, la correction ou la suppression de vos informations personnelles \u00e0 tout moment.<\/p><p><br><\/p>\n<h2><strong>Modification de la Politique de confidentialit\u00e9<\/strong><\/h2>\n<p>Je me r\u00e9serve le droit de mettre \u00e0 jour cette politique de confidentialit\u00e9 \u00e0 tout moment. La date de la derni\u00e8re mise \u00e0 jour sera indiqu\u00e9e en haut de la page.<\/p>\n<p>En utilisant mon site web, vous consentez \u00e0 la pr\u00e9sente Politique de confidentialit\u00e9.<\/p>\n<p>Si vous avez la moindre question concernant cette Politique de confidentialit\u00e9, n&rsquo;h\u00e9sitez pas \u00e0 me contacter \u00e0 aurianedw@well-translated.com.<\/p><p><br><\/p><p><br><\/p>\n<p><\/p>\n<p>Derni\u00e8re modification : 5 janvier 2023<\/p>\n<p><!-- \/wp:paragraph --><\/p>\t\t\t\t\t\t<\/div>\n\t\t\t\t<\/div>\n\t\t\t\t\t<\/div>\n\t\t\t\t<\/div>\n\t\t\t\t\t\t\t<\/div>\n\t\t","protected":false},"excerpt":{"rendered":"<p>Politique de confidentialit\u00e9 Merci pour votre int\u00e9r\u00eat pour WellTranslated.&nbsp; La protection de vos informations personnelles est une priorit\u00e9 pour moi. Cette politique de confidentialit\u00e9 explique comment je collecte, utilise, divulgue et prot\u00e8ge vos informations, ainsi que l&rsquo;utilisation des cookies. Collecte d&rsquo;Informations Personnelles Je collecte des informations personnelles telles que votre nom, votre adresse e-mail, votre [&hellip;]<\/p>\n","protected":false},"author":1,"featured_media":0,"parent":0,"menu_order":0,"comment_status":"closed","ping_status":"open","template":"","meta":{"om_disable_all_campaigns":false,"_monsterinsights_skip_tracking":false,"_monsterinsights_sitenote_active":false,"_monsterinsights_sitenote_note":"","_monsterinsights_sitenote_category":0},"acf":[],"aioseo_notices":[],"_links":{"self":[{"href":"https:\/\/welltranslated-services.com\/fr_fr\/wp-json\/wp\/v2\/pages\/3"}],"collection":[{"href":"https:\/\/welltranslated-services.com\/fr_fr\/wp-json\/wp\/v2\/pages"}],"about":[{"href":"https:\/\/welltranslated-services.com\/fr_fr\/wp-json\/wp\/v2\/types\/page"}],"author":[{"embeddable":true,"href":"https:\/\/welltranslated-services.com\/fr_fr\/wp-json\/wp\/v2\/users\/1"}],"replies":[{"embeddable":true,"href":"https:\/\/welltranslated-services.com\/fr_fr\/wp-json\/wp\/v2\/comments?post=3"}],"version-history":[{"count":10,"href":"https:\/\/welltranslated-services.com\/fr_fr\/wp-json\/wp\/v2\/pages\/3\/revisions"}],"predecessor-version":[{"id":1324,"href":"https:\/\/welltranslated-services.com\/fr_fr\/wp-json\/wp\/v2\/pages\/3\/revisions\/1324"}],"wp:attachment":[{"href":"https:\/\/welltranslated-services.com\/fr_fr\/wp-json\/wp\/v2\/media?parent=3"}],"curies":[{"name":"wp","href":"https:\/\/api.w.org\/{rel}","templated":true}]}}