{"id":873,"date":"2023-10-20T16:38:51","date_gmt":"2023-10-20T14:38:51","guid":{"rendered":"https:\/\/welltranslated-services.com\/?page_id=873"},"modified":"2024-01-03T13:26:47","modified_gmt":"2024-01-03T12:26:47","slug":"faq","status":"publish","type":"page","link":"https:\/\/welltranslated-services.com\/fr_fr\/faq\/","title":{"rendered":"FAQ"},"content":{"rendered":"\t\t<div data-elementor-type=\"wp-page\" data-elementor-id=\"873\" class=\"elementor elementor-873\" data-elementor-post-type=\"page\">\n\t\t\t\t\t\t\t<div class=\"elementor-element elementor-element-5d97a533 e-flex e-con-boxed e-con e-parent\" data-id=\"5d97a533\" data-element_type=\"container\" data-settings=\"{&quot;background_background&quot;:&quot;classic&quot;,&quot;content_width&quot;:&quot;boxed&quot;}\" data-core-v316-plus=\"true\">\n\t\t\t\t\t<div class=\"e-con-inner\">\n\t\t\t\t<div class=\"elementor-element elementor-element-9d0f71b elementor-widget elementor-widget-spacer\" data-id=\"9d0f71b\" data-element_type=\"widget\" data-widget_type=\"spacer.default\">\n\t\t\t\t<div class=\"elementor-widget-container\">\n\t\t\t<style>\/*! elementor - v3.16.0 - 20-09-2023 *\/\n.elementor-column .elementor-spacer-inner{height:var(--spacer-size)}.e-con{--container-widget-width:100%}.e-con-inner>.elementor-widget-spacer,.e-con>.elementor-widget-spacer{width:var(--container-widget-width,var(--spacer-size));--align-self:var(--container-widget-align-self,initial);--flex-shrink:0}.e-con-inner>.elementor-widget-spacer>.elementor-widget-container,.e-con>.elementor-widget-spacer>.elementor-widget-container{height:100%;width:100%}.e-con-inner>.elementor-widget-spacer>.elementor-widget-container>.elementor-spacer,.e-con>.elementor-widget-spacer>.elementor-widget-container>.elementor-spacer{height:100%}.e-con-inner>.elementor-widget-spacer>.elementor-widget-container>.elementor-spacer>.elementor-spacer-inner,.e-con>.elementor-widget-spacer>.elementor-widget-container>.elementor-spacer>.elementor-spacer-inner{height:var(--container-widget-height,var(--spacer-size))}.e-con-inner>.elementor-widget-spacer.elementor-widget-empty,.e-con>.elementor-widget-spacer.elementor-widget-empty{position:relative;min-height:22px;min-width:22px}.e-con-inner>.elementor-widget-spacer.elementor-widget-empty .elementor-widget-empty-icon,.e-con>.elementor-widget-spacer.elementor-widget-empty .elementor-widget-empty-icon{position:absolute;top:0;bottom:0;left:0;right:0;margin:auto;padding:0;width:22px;height:22px}<\/style>\t\t<div class=\"elementor-spacer\">\n\t\t\t<div class=\"elementor-spacer-inner\"><\/div>\n\t\t<\/div>\n\t\t\t\t<\/div>\n\t\t\t\t<\/div>\n\t\t\t\t<div class=\"elementor-element elementor-element-108a15a1 elementor-widget elementor-widget-heading\" data-id=\"108a15a1\" data-element_type=\"widget\" data-widget_type=\"heading.default\">\n\t\t\t\t<div class=\"elementor-widget-container\">\n\t\t\t<style>\/*! elementor - v3.16.0 - 20-09-2023 *\/\n.elementor-heading-title{padding:0;margin:0;line-height:1}.elementor-widget-heading .elementor-heading-title[class*=elementor-size-]>a{color:inherit;font-size:inherit;line-height:inherit}.elementor-widget-heading .elementor-heading-title.elementor-size-small{font-size:15px}.elementor-widget-heading .elementor-heading-title.elementor-size-medium{font-size:19px}.elementor-widget-heading .elementor-heading-title.elementor-size-large{font-size:29px}.elementor-widget-heading .elementor-heading-title.elementor-size-xl{font-size:39px}.elementor-widget-heading .elementor-heading-title.elementor-size-xxl{font-size:59px}<\/style><h2 class=\"elementor-heading-title elementor-size-default\">FAQ<\/h2>\t\t<\/div>\n\t\t\t\t<\/div>\n\t\t<div class=\"elementor-element elementor-element-d022d4b e-con-full e-flex e-con e-child\" data-id=\"d022d4b\" data-element_type=\"container\" data-settings=\"{&quot;content_width&quot;:&quot;full&quot;}\">\n\t\t\t\t<div class=\"elementor-element elementor-element-7de17a60 elementor-widget__width-initial elementor-widget-tablet__width-inherit elementor-widget elementor-widget-toggle\" data-id=\"7de17a60\" data-element_type=\"widget\" data-widget_type=\"toggle.default\">\n\t\t\t\t<div class=\"elementor-widget-container\">\n\t\t\t<style>\/*! elementor - v3.16.0 - 20-09-2023 *\/\n.elementor-toggle{text-align:left}.elementor-toggle .elementor-tab-title{font-weight:700;line-height:1;margin:0;padding:15px;border-bottom:1px solid #d5d8dc;cursor:pointer;outline:none}.elementor-toggle .elementor-tab-title .elementor-toggle-icon{display:inline-block;width:1em}.elementor-toggle .elementor-tab-title .elementor-toggle-icon svg{margin-inline-start:-5px;width:1em;height:1em}.elementor-toggle .elementor-tab-title .elementor-toggle-icon.elementor-toggle-icon-right{float:right;text-align:right}.elementor-toggle .elementor-tab-title .elementor-toggle-icon.elementor-toggle-icon-left{float:left;text-align:left}.elementor-toggle .elementor-tab-title .elementor-toggle-icon .elementor-toggle-icon-closed{display:block}.elementor-toggle .elementor-tab-title .elementor-toggle-icon .elementor-toggle-icon-opened{display:none}.elementor-toggle .elementor-tab-title.elementor-active{border-bottom:none}.elementor-toggle .elementor-tab-title.elementor-active .elementor-toggle-icon-closed{display:none}.elementor-toggle .elementor-tab-title.elementor-active .elementor-toggle-icon-opened{display:block}.elementor-toggle .elementor-tab-content{padding:15px;border-bottom:1px solid #d5d8dc;display:none}@media (max-width:767px){.elementor-toggle .elementor-tab-title{padding:12px}.elementor-toggle .elementor-tab-content{padding:12px 10px}}.e-con-inner>.elementor-widget-toggle,.e-con>.elementor-widget-toggle{width:var(--container-widget-width);--flex-grow:var(--container-widget-flex-grow)}<\/style>\t\t<div class=\"elementor-toggle\">\n\t\t\t\t\t\t\t<div class=\"elementor-toggle-item\">\n\t\t\t\t\t<h4 id=\"elementor-tab-title-2111\" class=\"elementor-tab-title\" data-tab=\"1\" role=\"button\" aria-controls=\"elementor-tab-content-2111\" aria-expanded=\"false\">\n\t\t\t\t\t\t\t\t\t\t\t\t<a class=\"elementor-toggle-title\" tabindex=\"0\">Pouvez-vous traduire des textes vers l'anglais ou l'espagnol\u00a0?<\/a>\n\t\t\t\t\t<\/h4>\n\n\t\t\t\t\t<div id=\"elementor-tab-content-2111\" class=\"elementor-tab-content elementor-clearfix\" data-tab=\"1\" role=\"region\" aria-labelledby=\"elementor-tab-title-2111\"><p>Non, conform\u00e9ment aux normes professionnelles du secteur, je traduis exclusivement vers ma langue maternelle, c&rsquo;es-\u00e0-dire le fran\u00e7ais. Cela garantit une compr\u00e9hension pr\u00e9cise des nuances linguistiques, des expressions idiomatiques, et des subtilit\u00e9s culturelles. En effet, les traducteurs natifs ont une sensibilit\u00e9 linguistique inn\u00e9e qui leur permet de choisir les mots, les expressions et les tournures de phrases les plus appropri\u00e9s dans le contexte de la langue cible.<\/p><\/div>\n\t\t\t\t<\/div>\n\t\t\t\t\t\t\t<div class=\"elementor-toggle-item\">\n\t\t\t\t\t<h4 id=\"elementor-tab-title-2112\" class=\"elementor-tab-title\" data-tab=\"2\" role=\"button\" aria-controls=\"elementor-tab-content-2112\" aria-expanded=\"false\">\n\t\t\t\t\t\t\t\t\t\t\t\t<a class=\"elementor-toggle-title\" tabindex=\"0\">Pourquoi faire appel \u00e0 vous plut\u00f4t qu'\u00e0 un outil de traduction automatique\u00a0?<\/a>\n\t\t\t\t\t<\/h4>\n\n\t\t\t\t\t<div id=\"elementor-tab-content-2112\" class=\"elementor-tab-content elementor-clearfix\" data-tab=\"2\" role=\"region\" aria-labelledby=\"elementor-tab-title-2112\"><p>Bien que les outils de traduction automatique aient r\u00e9alis\u00e9 des progr\u00e8s notables ces derni\u00e8res ann\u00e9es, il leur est impossible de reproduire la qualit\u00e9, la pr\u00e9cision et la sensibilit\u00e9 culturelle d&rsquo;un traducteur humain.<\/p><\/div>\n\t\t\t\t<\/div>\n\t\t\t\t\t\t\t<div class=\"elementor-toggle-item\">\n\t\t\t\t\t<h4 id=\"elementor-tab-title-2113\" class=\"elementor-tab-title\" data-tab=\"3\" role=\"button\" aria-controls=\"elementor-tab-content-2113\" aria-expanded=\"false\">\n\t\t\t\t\t\t\t\t\t\t\t\t<a class=\"elementor-toggle-title\" tabindex=\"0\">Pourquoi faire appel \u00e0 vous plut\u00f4t qu'\u00e0 une agence de traduction\u00a0?<\/a>\n\t\t\t\t\t<\/h4>\n\n\t\t\t\t\t<div id=\"elementor-tab-content-2113\" class=\"elementor-tab-content elementor-clearfix\" data-tab=\"3\" role=\"region\" aria-labelledby=\"elementor-tab-title-2113\"><p>Choisir de travailler avec moi plut\u00f4t qu&rsquo;une agence de traduction offre une approche plus personnalis\u00e9e pour votre projet. En travaillant toujours avec la m\u00eame linguiste, vous obtenez un style coh\u00e9rent, des d\u00e9lais flexibles, une adaptation pr\u00e9cise \u00e0 votre ton et une attention particuli\u00e8re \u00e0 vos besoins sp\u00e9cifiques.<\/p><\/div>\n\t\t\t\t<\/div>\n\t\t\t\t\t\t\t<div class=\"elementor-toggle-item\">\n\t\t\t\t\t<h4 id=\"elementor-tab-title-2114\" class=\"elementor-tab-title\" data-tab=\"4\" role=\"button\" aria-controls=\"elementor-tab-content-2114\" aria-expanded=\"false\">\n\t\t\t\t\t\t\t\t\t\t\t\t<a class=\"elementor-toggle-title\" tabindex=\"0\">Comment se d\u00e9roule le processus\u00a0?<\/a>\n\t\t\t\t\t<\/h4>\n\n\t\t\t\t\t<div id=\"elementor-tab-content-2114\" class=\"elementor-tab-content elementor-clearfix\" data-tab=\"4\" role=\"region\" aria-labelledby=\"elementor-tab-title-2114\"><p>Pour d\u00e9couvrir le processus en d\u00e9tail, cliquez ici.<\/p><ul><li>Prenez d&rsquo;abord contact avec moi via le formulaire de contact ou par e-mail.<\/li><li>D\u00e9taillez votre projet, vos besoins et toute autre information n\u00e9cessaire.<\/li><li>Une fois toutes les informations requises r\u00e9unies, je vous ferai parvenir un devis indiquant les \u00e9l\u00e9ments du projet, mon tarif et le d\u00e9lai.<\/li><li>Lorsque vous m&rsquo;aurez donn\u00e9 votre feu vert, je r\u00e9aliserai la prestation dans les d\u00e9lais pr\u00e9vus.<\/li><li>Une fois la traduction termin\u00e9e, je vous l&rsquo;enverrai selon les modalit\u00e9s de votre choix (e-mail, WeTransfer,etc.) dans les d\u00e9lais impartis, accompagn\u00e9e d&rsquo;une facture.<\/li><li>Le paiement est g\u00e9n\u00e9ralement d\u00fb dans un d\u00e9lai de 30 jours \u00e0 compter de la date d\u2019\u00e9mission de la facture.<\/li><\/ul><\/div>\n\t\t\t\t<\/div>\n\t\t\t\t\t\t\t<div class=\"elementor-toggle-item\">\n\t\t\t\t\t<h4 id=\"elementor-tab-title-2115\" class=\"elementor-tab-title\" data-tab=\"5\" role=\"button\" aria-controls=\"elementor-tab-content-2115\" aria-expanded=\"false\">\n\t\t\t\t\t\t\t\t\t\t\t\t<a class=\"elementor-toggle-title\" tabindex=\"0\">Quelles informations dois-je fournir\u00a0?<\/a>\n\t\t\t\t\t<\/h4>\n\n\t\t\t\t\t<div id=\"elementor-tab-content-2115\" class=\"elementor-tab-content elementor-clearfix\" data-tab=\"5\" role=\"region\" aria-labelledby=\"elementor-tab-title-2115\"><p>Pour r\u00e9pondre au mieux aux besoins de votre projet, j&rsquo;ai besoin d&rsquo;avoir autant d&rsquo;informations que possible :<\/p><ul><li>Quel est le domaine de votre projet ? (marketing, tourisme, technique, etc.)<\/li><li>Quelle est la nature de votre texte ? (site web, description de produit, brochure, r\u00e9seaux sociaux, etc.<\/li><li>Quel est le public vis\u00e9 ?<\/li><li>Quel est le ton de la marque ?<\/li><\/ul><\/div>\n\t\t\t\t<\/div>\n\t\t\t\t\t\t\t\t<\/div>\n\t\t\t\t<\/div>\n\t\t\t\t<\/div>\n\t\t\t\t<div class=\"elementor-element elementor-element-7dc31d64 elementor-widget__width-initial elementor-widget-tablet__width-inherit elementor-widget elementor-widget-toggle\" data-id=\"7dc31d64\" data-element_type=\"widget\" data-widget_type=\"toggle.default\">\n\t\t\t\t<div class=\"elementor-widget-container\">\n\t\t\t\t\t<div class=\"elementor-toggle\">\n\t\t\t\t\t\t\t<div class=\"elementor-toggle-item\">\n\t\t\t\t\t<h4 id=\"elementor-tab-title-2101\" class=\"elementor-tab-title\" data-tab=\"1\" role=\"button\" aria-controls=\"elementor-tab-content-2101\" aria-expanded=\"false\">\n\t\t\t\t\t\t\t\t\t\t\t\t<a class=\"elementor-toggle-title\" tabindex=\"0\">Comment sont calcul\u00e9s les tarifs\u00a0?<\/a>\n\t\t\t\t\t<\/h4>\n\n\t\t\t\t\t<div id=\"elementor-tab-content-2101\" class=\"elementor-tab-content elementor-clearfix\" data-tab=\"1\" role=\"region\" aria-labelledby=\"elementor-tab-title-2101\"><p>En g\u00e9n\u00e9ral, les tarifs sont bas\u00e9s sur le nombre de mots. Plus le texte est complexe, plus le prix\/mot est \u00e9lev\u00e9.\u00a0<\/p><p>Pour calculer le nombre de mots, j&rsquo;utilise des logiciels de traduction sp\u00e9cialis\u00e9s comme Trados, qui tient \u00e9galement compte du nombre de r\u00e9p\u00e9titions dans le texte. Cela permet d&rsquo;appliquer des r\u00e9ductions d\u00e9gressives.<\/p><\/div>\n\t\t\t\t<\/div>\n\t\t\t\t\t\t\t<div class=\"elementor-toggle-item\">\n\t\t\t\t\t<h4 id=\"elementor-tab-title-2102\" class=\"elementor-tab-title\" data-tab=\"2\" role=\"button\" aria-controls=\"elementor-tab-content-2102\" aria-expanded=\"false\">\n\t\t\t\t\t\t\t\t\t\t\t\t<a class=\"elementor-toggle-title\" tabindex=\"0\">Pourquoi les services de transcr\u00e9ation sont-ils factur\u00e9s par heure plut\u00f4t que par mot\u00a0?<\/a>\n\t\t\t\t\t<\/h4>\n\n\t\t\t\t\t<div id=\"elementor-tab-content-2102\" class=\"elementor-tab-content elementor-clearfix\" data-tab=\"2\" role=\"region\" aria-labelledby=\"elementor-tab-title-2102\"><p>Les services de transcr\u00e9ation s&rsquo;appliquent g\u00e9n\u00e9ralement \u00e0 des contenus brefs, comme des titres ou des slogans, qui contiennent peu de mots. La tarification horaire permet donc de tenir compte de la complexit\u00e9 cr\u00e9ative, des diff\u00e9rentes versions n\u00e9cessaires, de la consultation \u00e9troite avec le client et de l&rsquo;expertise strat\u00e9gique apport\u00e9e pour adapter le message au march\u00e9 local.<\/p><\/div>\n\t\t\t\t<\/div>\n\t\t\t\t\t\t\t<div class=\"elementor-toggle-item\">\n\t\t\t\t\t<h4 id=\"elementor-tab-title-2103\" class=\"elementor-tab-title\" data-tab=\"3\" role=\"button\" aria-controls=\"elementor-tab-content-2103\" aria-expanded=\"false\">\n\t\t\t\t\t\t\t\t\t\t\t\t<a class=\"elementor-toggle-title\" tabindex=\"0\">Quelles sont les modalit\u00e9s de paiement\u00a0?<\/a>\n\t\t\t\t\t<\/h4>\n\n\t\t\t\t\t<div id=\"elementor-tab-content-2103\" class=\"elementor-tab-content elementor-clearfix\" data-tab=\"3\" role=\"region\" aria-labelledby=\"elementor-tab-title-2103\"><p>Le paiement doit \u00eatre effectu\u00e9 par virement bancaire dans un d\u00e9lai de 30 jours suivant la date d&rsquo;\u00e9mission de la facture (les coordonn\u00e9es bancaires seront clairement indiqu\u00e9es sur la facture). Alternativement, vous pouvez effectuer le paiement via Payoneer. Tous les frais de virement \u00e9ventuels sont \u00e0 la charge du client.<\/p><\/div>\n\t\t\t\t<\/div>\n\t\t\t\t\t\t\t<div class=\"elementor-toggle-item\">\n\t\t\t\t\t<h4 id=\"elementor-tab-title-2104\" class=\"elementor-tab-title\" data-tab=\"4\" role=\"button\" aria-controls=\"elementor-tab-content-2104\" aria-expanded=\"false\">\n\t\t\t\t\t\t\t\t\t\t\t\t<a class=\"elementor-toggle-title\" tabindex=\"0\">Comment g\u00e9rez-vous les demandes de r\u00e9vision ou de modification\u00a0?<\/a>\n\t\t\t\t\t<\/h4>\n\n\t\t\t\t\t<div id=\"elementor-tab-content-2104\" class=\"elementor-tab-content elementor-clearfix\" data-tab=\"4\" role=\"region\" aria-labelledby=\"elementor-tab-title-2104\"><p>Je suis ouverte \u00e0 toute demande de r\u00e9vision ou de modification pour m&rsquo;assurer que le r\u00e9sultat final r\u00e9pond pleinement \u00e0 vos attentes. Vous disposez de 15 jours \u00e0 compter de la livraison pour me communiquer vos commentaires sp\u00e9cifiques et nous travaillerons ensemble pour apporter les ajustements n\u00e9cessaires. Mon objectif est de garantir votre enti\u00e8re satisfaction et la pr\u00e9cision optimale de chaque projet.<\/p><\/div>\n\t\t\t\t<\/div>\n\t\t\t\t\t\t\t\t<\/div>\n\t\t\t\t<\/div>\n\t\t\t\t<\/div>\n\t\t\t\t<\/div>\n\t\t\t\t\t<\/div>\n\t\t\t\t<\/div>\n\t\t\t\t\t\t\t<\/div>\n\t\t","protected":false},"excerpt":{"rendered":"<p>FAQ Pouvez-vous traduire des textes vers l&rsquo;anglais ou l&rsquo;espagnol\u00a0? Non, conform\u00e9ment aux normes professionnelles du secteur, je traduis exclusivement vers ma langue maternelle, c&rsquo;es-\u00e0-dire le fran\u00e7ais. Cela garantit une compr\u00e9hension pr\u00e9cise des nuances linguistiques, des expressions idiomatiques, et des subtilit\u00e9s culturelles. En effet, les traducteurs natifs ont une sensibilit\u00e9 linguistique inn\u00e9e qui leur permet de [&hellip;]<\/p>\n","protected":false},"author":1,"featured_media":0,"parent":0,"menu_order":0,"comment_status":"closed","ping_status":"closed","template":"","meta":{"om_disable_all_campaigns":false,"_monsterinsights_skip_tracking":false,"_monsterinsights_sitenote_active":false,"_monsterinsights_sitenote_note":"","_monsterinsights_sitenote_category":0},"acf":[],"aioseo_notices":[],"_links":{"self":[{"href":"https:\/\/welltranslated-services.com\/fr_fr\/wp-json\/wp\/v2\/pages\/873"}],"collection":[{"href":"https:\/\/welltranslated-services.com\/fr_fr\/wp-json\/wp\/v2\/pages"}],"about":[{"href":"https:\/\/welltranslated-services.com\/fr_fr\/wp-json\/wp\/v2\/types\/page"}],"author":[{"embeddable":true,"href":"https:\/\/welltranslated-services.com\/fr_fr\/wp-json\/wp\/v2\/users\/1"}],"replies":[{"embeddable":true,"href":"https:\/\/welltranslated-services.com\/fr_fr\/wp-json\/wp\/v2\/comments?post=873"}],"version-history":[{"count":13,"href":"https:\/\/welltranslated-services.com\/fr_fr\/wp-json\/wp\/v2\/pages\/873\/revisions"}],"predecessor-version":[{"id":1148,"href":"https:\/\/welltranslated-services.com\/fr_fr\/wp-json\/wp\/v2\/pages\/873\/revisions\/1148"}],"wp:attachment":[{"href":"https:\/\/welltranslated-services.com\/fr_fr\/wp-json\/wp\/v2\/media?parent=873"}],"curies":[{"name":"wp","href":"https:\/\/api.w.org\/{rel}","templated":true}]}}